 {"id":142,"date":"2018-10-04T16:20:43","date_gmt":"2018-10-04T14:20:43","guid":{"rendered":"http:\/\/delphine-sophrologue-lille.com\/?page_id=142"},"modified":"2024-02-05T12:12:32","modified_gmt":"2024-02-05T11:12:32","slug":"groupes","status":"publish","type":"page","link":"http:\/\/delphine-sophrologue-lille.com\/index.php\/pour-qui\/groupes\/","title":{"rendered":"Groupes"},"content":{"rendered":"<p><a href=\"#Entreprise\">Entreprise<\/a> \/ <a href=\"#Association_sportive\">Association sportive<\/a> \/ <a href=\"#Association_medicale\">Association m\u00e9dicale<\/a> \/ <a href=\"#Maison_de_retraite_EHPAD\">Maison de retraite EHPAD<\/a> \/ <a href=\"#Ecole\">Ecole<\/a><\/p>\n<h3 id=\"Ecole\">Ecole<\/h3>\n<p>La sophrologie apporte de nombreux bienfaits en milieux scolaires de la maternelle au lyc\u00e9e. Les exercices de respiration et de relaxation permettront une meilleure concentration, un meilleur apprentissage mais aideront \u00e9galement \u00e0 prendre du recul en p\u00e9riode d&rsquo;examen.<\/p>\n<h3 id=\"Entreprise\">Entreprise<\/h3>\n<p>Au sein de l\u2019entreprise la sophrologie est pratiqu\u00e9e en groupe. Elle permettra aux salari\u00e9s, aux cadres dirigeants, lors de s\u00e9minaires, de mieux vivre son environnement, surmonter le stress et am\u00e9liorer ses performances.<\/p>\n<h3 id=\"Association_sportive\">Association Sportive<\/h3>\n<p>Que le sportif soit amateur ou professionnel la sophrologie a pour but de favoriser principalement la concentration et la gestion du stress avant, pendant et apr\u00e8s une comp\u00e9tition.<\/p>\n<h3 id=\"Association_medicale\">Association M\u00e9dicale<\/h3>\n<p>Cancer, Procr\u00e9ation m\u00e9dicalement assist\u00e9e, handicap\u2026 de nombreux malades peuvent \u00eatre soutenus ou soulag\u00e9s gr\u00e2ce \u00e0 la sophrologie.<br \/>\nDes s\u00e9ances de groupe permettent \u00e9galement l\u2019\u00e9change et de sortir d\u2019un isolement trop fr\u00e9quent<\/p>\n<h3 id=\"Maison_de_retraite_EHPAD\">Maison de retraite \/ EHPAD<\/h3>\n<p>Bien que la sophrologie ne puisse pas, \u00e0 elle seule, r\u00e9soudre tous les probl\u00e8mes des personnes \u00e2g\u00e9es, elle est aujourd\u2019hui reconnue comme un support indispensable par les professionnels du secteur. C\u2019est pourquoi la sophrologie est fr\u00e9quemment pratiqu\u00e9e dans les maisons de retraite pour collaborer avec les psychologues, les m\u00e9decins ou le personnel d\u2019encadrement.<\/p>\n","protected":false},"excerpt":{"rendered":"<p>Entreprise \/ Association sportive \/ Association m\u00e9dicale \/ Maison de retraite EHPAD \/ Ecole Ecole La sophrologie apporte de nombreux bienfaits en milieux scolaires de la maternelle au lyc\u00e9e. Les exercices de respiration et de relaxation permettront une meilleure concentration, un meilleur apprentissage mais aideront \u00e9galement \u00e0 prendre du recul en p\u00e9riode d&rsquo;examen. Entreprise Au [&hellip;]<\/p>\n","protected":false},"author":2,"featured_media":0,"parent":38,"menu_order":0,"comment_status":"closed","ping_status":"closed","template":"","meta":{"footnotes":""},"class_list":["post-142","page","type-page","status-publish","hentry"],"_links":{"self":[{"href":"http:\/\/delphine-sophrologue-lille.com\/index.php\/wp-json\/wp\/v2\/pages\/142","targetHints":{"allow":["GET"]}}],"collection":[{"href":"http:\/\/delphine-sophrologue-lille.com\/index.php\/wp-json\/wp\/v2\/pages"}],"about":[{"href":"http:\/\/delphine-sophrologue-lille.com\/index.php\/wp-json\/wp\/v2\/types\/page"}],"author":[{"embeddable":true,"href":"http:\/\/delphine-sophrologue-lille.com\/index.php\/wp-json\/wp\/v2\/users\/2"}],"replies":[{"embeddable":true,"href":"http:\/\/delphine-sophrologue-lille.com\/index.php\/wp-json\/wp\/v2\/comments?post=142"}],"version-history":[{"count":8,"href":"http:\/\/delphine-sophrologue-lille.com\/index.php\/wp-json\/wp\/v2\/pages\/142\/revisions"}],"predecessor-version":[{"id":439,"href":"http:\/\/delphine-sophrologue-lille.com\/index.php\/wp-json\/wp\/v2\/pages\/142\/revisions\/439"}],"up":[{"embeddable":true,"href":"http:\/\/delphine-sophrologue-lille.com\/index.php\/wp-json\/wp\/v2\/pages\/38"}],"wp:attachment":[{"href":"http:\/\/delphine-sophrologue-lille.com\/index.php\/wp-json\/wp\/v2\/media?parent=142"}],"curies":[{"name":"wp","href":"https:\/\/api.w.org\/{rel}","templated":true}]}}