 {"id":167,"date":"2018-10-07T09:29:28","date_gmt":"2018-10-07T07:29:28","guid":{"rendered":"http:\/\/delphine-sophrologue-lille.com\/?page_id=167"},"modified":"2025-02-07T12:00:11","modified_gmt":"2025-02-07T11:00:11","slug":"test","status":"publish","type":"page","link":"http:\/\/delphine-sophrologue-lille.com\/index.php\/test\/","title":{"rendered":"Soins \u00e9nerg\u00e9tiques"},"content":{"rendered":"<p>Gr\u00e2ce \u00e0 la pratique du reiki je vous accompagne sur des besoins physiques et\/ou \u00e9motionnels.<\/p>\n<p>Fatigue, migraine, harmonisation des chakras, douleurs, sommeil&#8230; le champ d&rsquo;action est tr\u00e8s large.\u00a0<\/p>\n<p>Un moment pour vous et \u00eatre \u00e0 l&rsquo;\u00e9coute de vos besoins<\/p>\n<p>\t\t\t\t\t\t\t\t\t\t\t\t\t<img loading=\"lazy\" decoding=\"async\" width=\"640\" height=\"853\" src=\"http:\/\/delphine-sophrologue-lille.com\/wp-content\/uploads\/2025\/02\/WhatsApp-Image-2025-02-07-a-08.37.06_1938e46f-768x1024.jpg\" alt=\"\" srcset=\"https:\/\/delphine-sophrologue-lille.com\/wp-content\/uploads\/2025\/02\/WhatsApp-Image-2025-02-07-a-08.37.06_1938e46f-768x1025.jpg 768w, https:\/\/delphine-sophrologue-lille.com\/wp-content\/uploads\/2025\/02\/WhatsApp-Image-2025-02-07-a-08.37.06_1938e46f-225x300.jpg 225w, https:\/\/delphine-sophrologue-lille.com\/wp-content\/uploads\/2025\/02\/WhatsApp-Image-2025-02-07-a-08.37.06_1938e46f-1151x1536.jpg 1151w, https:\/\/delphine-sophrologue-lille.com\/wp-content\/uploads\/2025\/02\/WhatsApp-Image-2025-02-07-a-08.37.06_1938e46f.jpg 1535w\" sizes=\"auto, (max-width: 640px) 100vw, 640px\" \/><\/p>\n","protected":false},"excerpt":{"rendered":"<p>Gr\u00e2ce \u00e0 la pratique du reiki je vous accompagne sur des besoins physiques et\/ou \u00e9motionnels. Fatigue, migraine, harmonisation des chakras, douleurs, sommeil&#8230; le champ d&rsquo;action est tr\u00e8s large.\u00a0 Un moment pour vous et \u00eatre \u00e0 l&rsquo;\u00e9coute de vos besoins<\/p>\n","protected":false},"author":2,"featured_media":0,"parent":0,"menu_order":0,"comment_status":"closed","ping_status":"closed","template":"","meta":{"footnotes":""},"class_list":["post-167","page","type-page","status-publish","hentry"],"_links":{"self":[{"href":"http:\/\/delphine-sophrologue-lille.com\/index.php\/wp-json\/wp\/v2\/pages\/167","targetHints":{"allow":["GET"]}}],"collection":[{"href":"http:\/\/delphine-sophrologue-lille.com\/index.php\/wp-json\/wp\/v2\/pages"}],"about":[{"href":"http:\/\/delphine-sophrologue-lille.com\/index.php\/wp-json\/wp\/v2\/types\/page"}],"author":[{"embeddable":true,"href":"http:\/\/delphine-sophrologue-lille.com\/index.php\/wp-json\/wp\/v2\/users\/2"}],"replies":[{"embeddable":true,"href":"http:\/\/delphine-sophrologue-lille.com\/index.php\/wp-json\/wp\/v2\/comments?post=167"}],"version-history":[{"count":11,"href":"http:\/\/delphine-sophrologue-lille.com\/index.php\/wp-json\/wp\/v2\/pages\/167\/revisions"}],"predecessor-version":[{"id":662,"href":"http:\/\/delphine-sophrologue-lille.com\/index.php\/wp-json\/wp\/v2\/pages\/167\/revisions\/662"}],"wp:attachment":[{"href":"http:\/\/delphine-sophrologue-lille.com\/index.php\/wp-json\/wp\/v2\/media?parent=167"}],"curies":[{"name":"wp","href":"https:\/\/api.w.org\/{rel}","templated":true}]}}