 {"id":556,"date":"2023-04-26T21:10:04","date_gmt":"2023-04-26T19:10:04","guid":{"rendered":"http:\/\/delphine-sophrologue-lille.com\/?page_id=556"},"modified":"2025-02-07T12:31:13","modified_gmt":"2025-02-07T11:31:13","slug":"sonotherapie","status":"publish","type":"page","link":"http:\/\/delphine-sophrologue-lille.com\/index.php\/sonotherapie\/","title":{"rendered":"Sonoth\u00e9rapie"},"content":{"rendered":"<p>Gr\u00e2ce aux bols tib\u00e9tains, diapasons th\u00e9rapeutiques, tambour chamanique je vous accompagne sur un chemin de bien \u00eatre qui vous aidera \u00e0 obtenir une d\u00e9tente musculaire profonde, mais aussi je vous aiderai en cas de fatigue, douleurs, probl\u00e8mes de sommeil, stress, anxi\u00e9t\u00e9&#8230;.<\/p>\n<p>Un voyage sensoriel \u00e0 d\u00e9couvrir.\u00a0<\/p>\n<style>\/*! elementor - v3.19.0 - 29-01-2024 *\/\n.elementor-widget-image{text-align:center}.elementor-widget-image a{display:inline-block}.elementor-widget-image a img[src$=\".svg\"]{width:48px}.elementor-widget-image img{vertical-align:middle;display:inline-block}<\/style>\n<p>\t\t\t\t\t\t\t\t\t\t<img loading=\"lazy\" decoding=\"async\" width=\"461\" height=\"1024\" src=\"http:\/\/delphine-sophrologue-lille.com\/wp-content\/uploads\/2025\/02\/WhatsApp-Image-2025-02-07-a-12.27.18_00082dac-461x1024.jpg\" alt=\"\" srcset=\"https:\/\/delphine-sophrologue-lille.com\/wp-content\/uploads\/2025\/02\/WhatsApp-Image-2025-02-07-a-12.27.18_00082dac-461x1024.jpg 461w, https:\/\/delphine-sophrologue-lille.com\/wp-content\/uploads\/2025\/02\/WhatsApp-Image-2025-02-07-a-12.27.18_00082dac-135x300.jpg 135w, https:\/\/delphine-sophrologue-lille.com\/wp-content\/uploads\/2025\/02\/WhatsApp-Image-2025-02-07-a-12.27.18_00082dac-691x1536.jpg 691w, https:\/\/delphine-sophrologue-lille.com\/wp-content\/uploads\/2025\/02\/WhatsApp-Image-2025-02-07-a-12.27.18_00082dac.jpg 720w\" sizes=\"auto, (max-width: 461px) 100vw, 461px\" \/><\/p>\n","protected":false},"excerpt":{"rendered":"<p>Gr\u00e2ce aux bols tib\u00e9tains, diapasons th\u00e9rapeutiques, tambour chamanique je vous accompagne sur un chemin de bien \u00eatre qui vous aidera \u00e0 obtenir une d\u00e9tente musculaire profonde, mais aussi je vous aiderai en cas de fatigue, douleurs, probl\u00e8mes de sommeil, stress, anxi\u00e9t\u00e9&#8230;. Un voyage sensoriel \u00e0 d\u00e9couvrir.\u00a0<\/p>\n","protected":false},"author":1,"featured_media":0,"parent":0,"menu_order":0,"comment_status":"closed","ping_status":"closed","template":"","meta":{"footnotes":""},"class_list":["post-556","page","type-page","status-publish","hentry"],"_links":{"self":[{"href":"http:\/\/delphine-sophrologue-lille.com\/index.php\/wp-json\/wp\/v2\/pages\/556","targetHints":{"allow":["GET"]}}],"collection":[{"href":"http:\/\/delphine-sophrologue-lille.com\/index.php\/wp-json\/wp\/v2\/pages"}],"about":[{"href":"http:\/\/delphine-sophrologue-lille.com\/index.php\/wp-json\/wp\/v2\/types\/page"}],"author":[{"embeddable":true,"href":"http:\/\/delphine-sophrologue-lille.com\/index.php\/wp-json\/wp\/v2\/users\/1"}],"replies":[{"embeddable":true,"href":"http:\/\/delphine-sophrologue-lille.com\/index.php\/wp-json\/wp\/v2\/comments?post=556"}],"version-history":[{"count":4,"href":"http:\/\/delphine-sophrologue-lille.com\/index.php\/wp-json\/wp\/v2\/pages\/556\/revisions"}],"predecessor-version":[{"id":677,"href":"http:\/\/delphine-sophrologue-lille.com\/index.php\/wp-json\/wp\/v2\/pages\/556\/revisions\/677"}],"wp:attachment":[{"href":"http:\/\/delphine-sophrologue-lille.com\/index.php\/wp-json\/wp\/v2\/media?parent=556"}],"curies":[{"name":"wp","href":"https:\/\/api.w.org\/{rel}","templated":true}]}}