 {"id":27,"date":"2018-10-02T10:34:40","date_gmt":"2018-10-02T08:34:40","guid":{"rendered":"http:\/\/delphine-sophrologue-lille.com\/?page_id=27"},"modified":"2025-02-07T12:07:28","modified_gmt":"2025-02-07T11:07:28","slug":"qui-suis-je","status":"publish","type":"page","link":"https:\/\/delphine-sophrologue-lille.com\/","title":{"rendered":"Qui suis-je ?"},"content":{"rendered":"<p><img loading=\"lazy\" decoding=\"async\" width=\"174\" height=\"174\" src=\"http:\/\/delphine-sophrologue-lille.com\/wp-content\/uploads\/2023\/04\/delphine-photo-de-profil.jpeg\" alt=\"\" srcset=\"https:\/\/delphine-sophrologue-lille.com\/wp-content\/uploads\/2023\/04\/delphine-photo-de-profil.jpeg 174w, https:\/\/delphine-sophrologue-lille.com\/wp-content\/uploads\/2023\/04\/delphine-photo-de-profil-150x150.jpeg 150w\" sizes=\"auto, (max-width: 174px) 100vw, 174px\" \/>\t\t\t\t\t\t\t\t\t\t\t\t\t<\/p>\n<p>Mon histoire et ma personnalit\u00e9 ont fait que je me suis naturellement tourn\u00e9e vers la relation d&rsquo;aide.&nbsp;<\/p>\n<p><b>Th\u00e9rapeute et \u00e9nerg\u00e9ticienne<\/b> je suis <b>sp\u00e9cialis\u00e9e<\/b> dans l<b>&lsquo;accompagnement du deuil (enfant, adolescent, adulte)<\/b><\/p>\n<p><br style=\"font-size: 14px;\">Gr\u00e2ce \u00e0 mes formations de&nbsp;<strong style=\"font-size: 14px;\">psychopraticienne, reiki, olfactoth\u00e9rapie, sonoth\u00e9rapie, sophrologue, hypnoth\u00e9rapeute&nbsp;<\/strong>mon objectif est de pouvoir vous&nbsp;<strong style=\"font-size: 14px;\">accompagner<\/strong>&nbsp;dans votre&nbsp;d\u00e9veloppement personnel.<br style=\"font-size: 14px;\"><br style=\"font-size: 14px;\">Ma formation en&nbsp;<strong style=\"font-size: 14px;\">lib\u00e9ration des chocs \u00e9motionnels<\/strong>&nbsp;permettra de travailler en profondeurs les&nbsp;<strong style=\"font-size: 14px;\">traumatismes<\/strong>&nbsp;et vous<strong style=\"font-size: 14px;\">&nbsp;lib\u00e9rer<\/strong>&nbsp;\u00e9motionnellement.&nbsp;<br style=\"font-size: 14px;\"><br style=\"font-size: 14px;\">Je suis \u00e9galement&nbsp;<strong style=\"font-size: 14px;\">sp\u00e9cialis\u00e9e<\/strong>&nbsp;pour accompagner les&nbsp;<strong style=\"font-size: 14px;\">enfants EXTRA-ordinaires<\/strong>&nbsp;(TDA\/H, haut potentiel, pr\u00e9coce, hypersensible&#8230;) mais aussi les parcours de PMA, confiance en soi, p\u00e9rinatalit\u00e9, deuil&#8230;.<br style=\"font-size: 14px;\"><br style=\"font-size: 14px;\">Ma formation de th\u00e9rapeute en&nbsp;<strong style=\"font-size: 14px;\">coh\u00e9rence cardiaque<\/strong>&nbsp;me permettra \u00e9galement d&rsquo;int\u00e9grer cette pratique dans mes accompagnements.<br style=\"font-size: 14px;\"><br style=\"font-size: 14px;\"><strong style=\"font-size: 14px;\">Mes formations :<\/strong><\/p>\n<p><b>Accompagnement du deuil : <\/b>Association vivre son deuil<\/p>\n<p><b style=\"font-size: 1.1em; color: var( --e-global-color-text ); font-family: var( --e-global-typography-text-font-family ), Sans-serif; text-align: var(--text-align);\">Reiki (niveau 3)<\/b><\/p>\n<p><b style=\"font-size: 1.1em; color: var( --e-global-color-text ); font-family: var( --e-global-typography-text-font-family ), Sans-serif; text-align: var(--text-align);\">Sonoth\u00e9rapie<\/b><\/p>\n<p><strong style=\"font-size: 14px;\">E-facult\u00e9 de psychoth\u00e9rapie et de Psychanalyse<\/strong><br style=\"font-size: 14px;\"><strong style=\"font-size: 14px;\">Institut cassiop\u00e9e<\/strong>&nbsp;: Lib\u00e9ration des chocs \u00e9motionnels<br style=\"font-size: 14px;\"><strong style=\"font-size: 14px;\">IFS de Paris<\/strong>&nbsp;(\u00e9cole de sophrologie de Catherine Aliotta certifi\u00e9e RNCP)<br style=\"font-size: 14px;\"><strong style=\"font-size: 14px;\">EHNA<\/strong>&nbsp;: \u00e9cole d&rsquo;hypnose et neurosciences appliqu\u00e9es<br style=\"font-size: 14px;\"><br style=\"font-size: 14px;\">Form\u00e9e \u00e0 la&nbsp;<strong style=\"font-size: 14px;\">Coh\u00e9rence Cardiaque<\/strong>&nbsp;par le Docteur David O\u2019Hare<br style=\"font-size: 14px;\">Form\u00e9e \u00e0 l&rsquo;<b>olfactoth\u00e9rapie<\/b><strong style=\"font-size: 14px;\"><br \/><\/strong><\/p>\n","protected":false},"excerpt":{"rendered":"<p>Mon histoire et ma personnalit\u00e9 ont fait que je me suis naturellement tourn\u00e9e vers la relation d&rsquo;aide.&nbsp; Th\u00e9rapeute et \u00e9nerg\u00e9ticienne je suis sp\u00e9cialis\u00e9e dans l&lsquo;accompagnement du deuil (enfant, adolescent, adulte) Gr\u00e2ce \u00e0 mes formations de&nbsp;psychopraticienne, reiki, olfactoth\u00e9rapie, sonoth\u00e9rapie, sophrologue, hypnoth\u00e9rapeute&nbsp;mon objectif est de pouvoir vous&nbsp;accompagner&nbsp;dans votre&nbsp;d\u00e9veloppement personnel.Ma formation en&nbsp;lib\u00e9ration des chocs \u00e9motionnels&nbsp;permettra de travailler en [&hellip;]<\/p>\n","protected":false},"author":2,"featured_media":0,"parent":0,"menu_order":0,"comment_status":"closed","ping_status":"closed","template":"","meta":{"footnotes":""},"class_list":["post-27","page","type-page","status-publish","hentry"],"_links":{"self":[{"href":"https:\/\/delphine-sophrologue-lille.com\/index.php\/wp-json\/wp\/v2\/pages\/27","targetHints":{"allow":["GET"]}}],"collection":[{"href":"https:\/\/delphine-sophrologue-lille.com\/index.php\/wp-json\/wp\/v2\/pages"}],"about":[{"href":"https:\/\/delphine-sophrologue-lille.com\/index.php\/wp-json\/wp\/v2\/types\/page"}],"author":[{"embeddable":true,"href":"https:\/\/delphine-sophrologue-lille.com\/index.php\/wp-json\/wp\/v2\/users\/2"}],"replies":[{"embeddable":true,"href":"https:\/\/delphine-sophrologue-lille.com\/index.php\/wp-json\/wp\/v2\/comments?post=27"}],"version-history":[{"count":75,"href":"https:\/\/delphine-sophrologue-lille.com\/index.php\/wp-json\/wp\/v2\/pages\/27\/revisions"}],"predecessor-version":[{"id":665,"href":"https:\/\/delphine-sophrologue-lille.com\/index.php\/wp-json\/wp\/v2\/pages\/27\/revisions\/665"}],"wp:attachment":[{"href":"https:\/\/delphine-sophrologue-lille.com\/index.php\/wp-json\/wp\/v2\/media?parent=27"}],"curies":[{"name":"wp","href":"https:\/\/api.w.org\/{rel}","templated":true}]}}