 {"id":349,"date":"2019-04-02T16:32:59","date_gmt":"2019-04-02T14:32:59","guid":{"rendered":"http:\/\/delphine-sophrologue-lille.com\/?page_id=349"},"modified":"2024-02-05T12:12:29","modified_gmt":"2024-02-05T11:12:29","slug":"hypnose-therapeutique","status":"publish","type":"page","link":"https:\/\/delphine-sophrologue-lille.com\/index.php\/hypnose-therapeutique\/","title":{"rendered":"Hypnose th\u00e9rapeutique"},"content":{"rendered":"\n<div class=\"wp-block-image\"><figure class=\"aligncenter is-resized\"><img loading=\"lazy\" decoding=\"async\" src=\"http:\/\/delphine-sophrologue-lille.com\/wp-content\/uploads\/2019\/05\/facebook_1558688229057-1024x515.jpg\" alt=\"\" class=\"wp-image-420\" width=\"361\" height=\"181\" srcset=\"https:\/\/delphine-sophrologue-lille.com\/wp-content\/uploads\/2019\/05\/facebook_1558688229057-1024x515.jpg 1024w, https:\/\/delphine-sophrologue-lille.com\/wp-content\/uploads\/2019\/05\/facebook_1558688229057-300x151.jpg 300w, https:\/\/delphine-sophrologue-lille.com\/wp-content\/uploads\/2019\/05\/facebook_1558688229057-768x386.jpg 768w, https:\/\/delphine-sophrologue-lille.com\/wp-content\/uploads\/2019\/05\/facebook_1558688229057.jpg 1034w\" sizes=\"auto, (max-width: 361px) 100vw, 361px\" \/><\/figure><\/div>\n\n\n\n<p>Form\u00e9e \u00e0 l&rsquo;EHNA l&rsquo;\u00e9cole d&rsquo;hypnose et de neurosciences appliqu\u00e9es je vous accompagne en toute bienveillance dans la gestion du stress, l&rsquo;arr\u00eat du tabac, les phobies, addictions, gestion du poids et des pulsions alimentaires&#8230;. <\/p>\n\n\n\n<p><strong>Qu&rsquo;est ce que l&rsquo;hypnose ? <\/strong><\/p>\n\n\n\n<p> Tr\u00e8s loin de l&rsquo;hypnose de spectacle, l&rsquo;hypnose est un \u00e9tat naturel, interm\u00e9diaire entre l&rsquo;\u00e9tat de veille ordinaire  et l&rsquo;\u00e9tat de sommeil v\u00e9ritable. <\/p>\n\n\n\n<p>L\u2019\u00e9tat hypnotique cr\u00e9\u00e9 lors des s\u00e9ances de th\u00e9rapie est un \u00e9tat de conscience modifi\u00e9. C\u2019est un <strong>\u00e9tat naturel <\/strong>que vous rencontrez quotidiennement, notamment lorsque vous \u00eates distrait par exemple.<\/p>\n\n\n\n<p><strong>L&rsquo;hypnose Ericksonienne est non directive et vous respecte totalement<\/strong>. Vous restez conscient et <strong>vous gardez la ma\u00eetrise de votre corps et de votre mental<\/strong> durant toute la s\u00e9ance.<\/p>\n\n\n\n<p>En effet, les ressources sont dans la personne ! L\u2019inconscient est un r\u00e9servoir immense de ressource dont le conscient n\u2019a pas ou peu acc\u00e8s. L\u2019hypnose va alors nous aider \u00e0 avoir acc\u00e8s \u00e0 ces ressources.<\/p>\n\n\n\n<p>En d\u2019autres termes, l\u2019inconscient est profond\u00e9ment bon et puissant. Il se r\u00e9v\u00e8le une puissance bienveillante avec laquelle l\u2019\u00e9tat hypnotique doit permettre de coop\u00e9rer. <strong>L\u2019inconscient est capable de mobiliser des ressources int\u00e9rieures<\/strong>, des potentialit\u00e9s susceptibles de conduire aux changements d\u00e9sir\u00e9s.<\/p>\n\n\n\n<p>L\u2019hypnose Ericksonienne a pour but d\u2019<strong>amener conscient et inconscient \u00e0 travailler ensemble<\/strong> pour d\u00e9clencher les changements utiles \u00e0 la r\u00e9solution du probl\u00e8me.<\/p>\n\n\n\n<p><\/p>\n","protected":false},"excerpt":{"rendered":"<p>Form\u00e9e \u00e0 l&rsquo;EHNA l&rsquo;\u00e9cole d&rsquo;hypnose et de neurosciences appliqu\u00e9es je vous accompagne en toute bienveillance dans la gestion du stress, l&rsquo;arr\u00eat du tabac, les phobies, addictions, gestion du poids et des pulsions alimentaires&#8230;. Qu&rsquo;est ce que l&rsquo;hypnose ? Tr\u00e8s loin de l&rsquo;hypnose de spectacle, l&rsquo;hypnose est un \u00e9tat naturel, interm\u00e9diaire entre l&rsquo;\u00e9tat de veille ordinaire [&hellip;]<\/p>\n","protected":false},"author":2,"featured_media":0,"parent":0,"menu_order":0,"comment_status":"closed","ping_status":"closed","template":"","meta":{"footnotes":""},"class_list":["post-349","page","type-page","status-publish","hentry"],"_links":{"self":[{"href":"https:\/\/delphine-sophrologue-lille.com\/index.php\/wp-json\/wp\/v2\/pages\/349","targetHints":{"allow":["GET"]}}],"collection":[{"href":"https:\/\/delphine-sophrologue-lille.com\/index.php\/wp-json\/wp\/v2\/pages"}],"about":[{"href":"https:\/\/delphine-sophrologue-lille.com\/index.php\/wp-json\/wp\/v2\/types\/page"}],"author":[{"embeddable":true,"href":"https:\/\/delphine-sophrologue-lille.com\/index.php\/wp-json\/wp\/v2\/users\/2"}],"replies":[{"embeddable":true,"href":"https:\/\/delphine-sophrologue-lille.com\/index.php\/wp-json\/wp\/v2\/comments?post=349"}],"version-history":[{"count":5,"href":"https:\/\/delphine-sophrologue-lille.com\/index.php\/wp-json\/wp\/v2\/pages\/349\/revisions"}],"predecessor-version":[{"id":442,"href":"https:\/\/delphine-sophrologue-lille.com\/index.php\/wp-json\/wp\/v2\/pages\/349\/revisions\/442"}],"wp:attachment":[{"href":"https:\/\/delphine-sophrologue-lille.com\/index.php\/wp-json\/wp\/v2\/media?parent=349"}],"curies":[{"name":"wp","href":"https:\/\/api.w.org\/{rel}","templated":true}]}}