 {"id":589,"date":"2023-04-26T21:59:54","date_gmt":"2023-04-26T19:59:54","guid":{"rendered":"http:\/\/delphine-sophrologue-lille.com\/?page_id=589"},"modified":"2025-02-07T12:09:11","modified_gmt":"2025-02-07T11:09:11","slug":"guidance","status":"publish","type":"page","link":"https:\/\/delphine-sophrologue-lille.com\/index.php\/guidance\/","title":{"rendered":"Guidance"},"content":{"rendered":"<p>Gr\u00e2ce aux tarots et oracles je vous accompagne \u00e0 travers des questions pr\u00e9cises qu&rsquo;elles soient familiales, professionnelles, sentimentales&#8230;<\/p>\n<p>Ensemble nous ferons une projection du chemin sur lequel vous \u00eates afin de vous \u00e9clairer au mieux.<\/p>\n<p>\t\t\t\t\t\t\t\t\t\t\t\t\t<img loading=\"lazy\" decoding=\"async\" width=\"640\" height=\"640\" src=\"http:\/\/delphine-sophrologue-lille.com\/wp-content\/uploads\/2025\/02\/WhatsApp-Image-2025-02-07-a-08.21.51_e1b71e74-1024x1024.jpg\" alt=\"\" srcset=\"https:\/\/delphine-sophrologue-lille.com\/wp-content\/uploads\/2025\/02\/WhatsApp-Image-2025-02-07-a-08.21.51_e1b71e74-1024x1024.jpg 1024w, https:\/\/delphine-sophrologue-lille.com\/wp-content\/uploads\/2025\/02\/WhatsApp-Image-2025-02-07-a-08.21.51_e1b71e74-300x300.jpg 300w, https:\/\/delphine-sophrologue-lille.com\/wp-content\/uploads\/2025\/02\/WhatsApp-Image-2025-02-07-a-08.21.51_e1b71e74-150x150.jpg 150w, https:\/\/delphine-sophrologue-lille.com\/wp-content\/uploads\/2025\/02\/WhatsApp-Image-2025-02-07-a-08.21.51_e1b71e74-768x768.jpg 768w, https:\/\/delphine-sophrologue-lille.com\/wp-content\/uploads\/2025\/02\/WhatsApp-Image-2025-02-07-a-08.21.51_e1b71e74.jpg 1500w\" sizes=\"auto, (max-width: 640px) 100vw, 640px\" \/><\/p>\n","protected":false},"excerpt":{"rendered":"<p>Gr\u00e2ce aux tarots et oracles je vous accompagne \u00e0 travers des questions pr\u00e9cises qu&rsquo;elles soient familiales, professionnelles, sentimentales&#8230; Ensemble nous ferons une projection du chemin sur lequel vous \u00eates afin de vous \u00e9clairer au mieux.<\/p>\n","protected":false},"author":1,"featured_media":0,"parent":0,"menu_order":0,"comment_status":"closed","ping_status":"closed","template":"","meta":{"footnotes":""},"class_list":["post-589","page","type-page","status-publish","hentry"],"_links":{"self":[{"href":"https:\/\/delphine-sophrologue-lille.com\/index.php\/wp-json\/wp\/v2\/pages\/589","targetHints":{"allow":["GET"]}}],"collection":[{"href":"https:\/\/delphine-sophrologue-lille.com\/index.php\/wp-json\/wp\/v2\/pages"}],"about":[{"href":"https:\/\/delphine-sophrologue-lille.com\/index.php\/wp-json\/wp\/v2\/types\/page"}],"author":[{"embeddable":true,"href":"https:\/\/delphine-sophrologue-lille.com\/index.php\/wp-json\/wp\/v2\/users\/1"}],"replies":[{"embeddable":true,"href":"https:\/\/delphine-sophrologue-lille.com\/index.php\/wp-json\/wp\/v2\/comments?post=589"}],"version-history":[{"count":10,"href":"https:\/\/delphine-sophrologue-lille.com\/index.php\/wp-json\/wp\/v2\/pages\/589\/revisions"}],"predecessor-version":[{"id":668,"href":"https:\/\/delphine-sophrologue-lille.com\/index.php\/wp-json\/wp\/v2\/pages\/589\/revisions\/668"}],"wp:attachment":[{"href":"https:\/\/delphine-sophrologue-lille.com\/index.php\/wp-json\/wp\/v2\/media?parent=589"}],"curies":[{"name":"wp","href":"https:\/\/api.w.org\/{rel}","templated":true}]}}